{"id":85,"date":"2025-12-01T18:40:46","date_gmt":"2025-12-01T17:40:46","guid":{"rendered":"https:\/\/divinotinto.com\/?page_id=85"},"modified":"2025-12-12T10:52:18","modified_gmt":"2025-12-12T09:52:18","slug":"aviso-legal","status":"publish","type":"page","link":"https:\/\/divinotinto.com\/en\/aviso-legal\/","title":{"rendered":"Legal Advice"},"content":{"rendered":"<p class=\"has-text-color has-link-color wp-elements-630f2518d6588f033f2c0a200f4740cc\" style=\"color:#000000\">En la actualidad,&nbsp;<strong>Rafael<\/strong>&nbsp;posee todos los derechos sobre el material y la propiedad intelectual de este sitio web (<strong>https:\/\/divinotinto.com\/<\/strong>), y todos esos derechos est\u00e1n reservados a nuestro solo uso.<\/p>\n\n\n\n<p class=\"has-text-color has-link-color wp-elements-159b03bd7acf725d268db810022eb8d8\" style=\"color:#000000\">El responsable de este sitio web es Rafael.<\/p>\n\n\n\n<p class=\"has-text-color has-link-color wp-elements-9362def65db20441fde40c258d852631\" style=\"color:#000000\">Identificaci\u00f3n: <\/p>\n\n\n\n<p class=\"has-text-color has-link-color wp-elements-fe8bca5bd466a7096a5bd58982de7501\" style=\"color:#000000\">Email de contacto: info@divinotinto.com<\/p>\n\n\n\n<p class=\"has-text-color has-link-color wp-elements-944a1b5e60b3cf8920501ab865354b87\" style=\"color:#000000\">Conforme a la Ley 34\/2002, del 11 de Julio de Servicios de sociedad de la informaci\u00f3n y de comercio electr\u00f3nico te informamos de que nuestros datos identificativos son los siguientes :<\/p>\n\n\n\n<h3 class=\"wp-block-heading\"><strong>1.2. Finalidad de la p\u00e1gina web.<\/strong><\/h3>\n\n\n\n<p class=\"has-text-color has-link-color wp-elements-60784cbb005598cf85c631a48fca5dec\" style=\"color:#000000\">En&nbsp;Divino Tinto&nbsp;me dedico a ayudar a profesionales a crear, aterrizar e impulsar sus proyectos en diferentes \u00e1mbitos.<\/p>\n\n\n\n<p class=\"has-text-color has-link-color wp-elements-78a6c28ed5143606f5fc83b338d84ecd\" style=\"color:#000000\">Tambi\u00e9n doy respuesta por email a las dudas que puedas tener.<\/p>\n\n\n\n<h3 class=\"wp-block-heading\"><strong>1.3. Usuarios:<\/strong><\/h3>\n\n\n\n<p class=\"has-text-color has-link-color wp-elements-339cca2fe724bec1403e58c2b6b67ad6\" style=\"color:#000000\">El acceso y\/o uso de este sitio web atribuye la condici\u00f3n de USUARIO, que acepta, desde dicho acceso y\/o uso, los presentes t\u00e9rminos de uso, no obstante, por el mero uso de la p\u00e1gina web no significa el inicio de relaci\u00f3n laboral\/comercial alguna.<\/p>\n\n\n\n<h3 class=\"wp-block-heading\"><strong>1.4. Uso del sitio web y captura de informaci\u00f3n:<\/strong><\/h3>\n\n\n\n<h4 class=\"wp-block-heading\"><strong>1.4.1 Uso del sitio web<\/strong><\/h4>\n\n\n\n<p class=\"has-text-color has-link-color wp-elements-f26fb7ab2e357058c3cc52480a639ff4\" style=\"color:#000000\">La p\u00e1gina web&nbsp;Divino Tinto en adelante (LA WEB) proporciona el acceso a nuestros servicios y El USUARIO asume la responsabilidad del uso de la web.<\/p>\n\n\n\n<p class=\"has-text-color has-link-color wp-elements-d3cab810f7f9ec77fcccafcc2c41fa0c\" style=\"color:#000000\">El USUARIO se compromete a hacer un uso adecuado de los contenidos que ofrece a trav\u00e9s de su web y con car\u00e1cter enunciativo pero no limitativo, a no emplearlos para:<\/p>\n\n\n\n<ul style=\"color:#000000\" class=\"wp-block-list has-text-color has-link-color wp-elements-14df14ee9c58476d36c815f8dad36be9\">\n<li>(a) incurrir en actividades il\u00edcitas, ilegales o contrarias a la buena fe y al orden p\u00fablico;<\/li>\n\n\n\n<li>(b) difundir contenidos o propaganda de car\u00e1cter racista, xen\u00f3fobo, pornogr\u00e1fico-ilegal, de apolog\u00eda del terrorismo o atentatorio contra los derechos humanos;<\/li>\n\n\n\n<li>(c) provocar da\u00f1os en los sistemas f\u00edsicos y l\u00f3gicos de la web, de sus proveedores o de terceras personas, introducir o difundir en la red virus inform\u00e1ticos o cualesquiera otros sistemas f\u00edsicos o l\u00f3gicos que sean susceptibles de provocar los da\u00f1os anteriormente mencionados;<\/li>\n\n\n\n<li>(d) intentar acceder y, en su caso, utilizar las cuentas de correo electr\u00f3nico de otros usuarios y modificar o manipular sus mensajes.<\/li>\n<\/ul>\n\n\n\n<p class=\"has-text-color has-link-color wp-elements-ba8c44f6f94eb573d5e34cfab6c99694\" style=\"color:#000000\">Divino Tinto se reserva el derecho de retirar todos aquellos comentarios y aportaciones que vulneren el respeto a la dignidad de la persona, que sean discriminatorios, xen\u00f3fobos, racistas, pornogr\u00e1ficos, que atenten contra la juventud o la infancia, el orden o la seguridad p\u00fablica o que, a su juicio, no resultaran adecuados para su publicaci\u00f3n.<\/p>\n\n\n\n<p class=\"has-text-color has-link-color wp-elements-246c94a1d66da98679dc33f8a60cb8ae\" style=\"color:#000000\">En todo caso&nbsp;Divino Tinto se reserva el derecho de modificar, en cualquier momento y sin necesidad de previo aviso, la presentaci\u00f3n y configuraci\u00f3n de la web&nbsp;Divino Tinto c\u00f3mo el presente aviso legal.<\/p>\n\n\n\n<h2 class=\"wp-block-heading\"><strong>2. PROPIEDAD INTELECTUAL E INDUSTRIAL:<\/strong><\/h2>\n\n\n\n<p class=\"has-text-color has-link-color wp-elements-991bbbf8a44fd70ce6b96454b48b2049\" style=\"color:#000000\">Queda expresamente prohibida el uso de los contenido sin el consentimiento expl\u00edcito de&nbsp;Divino Tinto. Se proh\u00edbe usar el logotipo, nombre comercial o cualquier contenido sin nuestro consentimiento previo. (Todos los derechos reservados)<\/p>\n\n\n\n<p class=\"has-text-color has-link-color wp-elements-92a58345343f5cdb41ddb4c2dc7f5244\" style=\"color:#000000\">Cualquier uso no autorizado previamente por&nbsp;Divino Tinto ser\u00e1 considerado un incumplimiento grave de los derechos de propiedad intelectual o industrial del autor.<\/p>\n\n\n\n<p class=\"has-text-color has-link-color wp-elements-0fd19707d9c049fefb92a2d2c177dfea\" style=\"color:#000000\">Quedan expresamente prohibidas la reproducci\u00f3n, la distribuci\u00f3n y la comunicaci\u00f3n p\u00fablica, incluida su modalidad de puesta a disposici\u00f3n, de la totalidad o parte de los contenidos de esta p\u00e1gina web, con fines comerciales, en cualquier soporte y por cualquier medio t\u00e9cnico, sin la autorizaci\u00f3n de&nbsp;Divino Tinto.<\/p>\n\n\n\n<p class=\"has-text-color has-link-color wp-elements-fe52e424a15df9dff6010ad687b80314\" style=\"color:#000000\">El USUARIO se compromete a respetar los derechos de Propiedad Intelectual e Industrial titularidad de&nbsp;Divino Tinto. Podr\u00e1 visualizar \u00fanicamente los elementos de la web sin posibilidad de imprimirlos, copiarlos o almacenarlos en el disco duro de su ordenador o en cualquier otro soporte f\u00edsico. El USUARIO deber\u00e1 abstenerse de suprimir, alterar, eludir o manipular cualquier dispositivo de protecci\u00f3n o sistema de seguridad que estuviera instalado en las p\u00e1ginas de&nbsp;Divino Tinto.<\/p>\n\n\n\n<h2 class=\"wp-block-heading\"><strong>3. EXCLUSI\u00d3N DE GARANT\u00cdAS Y RESPONSABILIDAD<\/strong><\/h2>\n\n\n\n<p class=\"has-text-color has-link-color wp-elements-75acc485cede5d1a31678239538ec43a\" style=\"color:#000000\">Divino Tinto no se hace responsable, en ning\u00fan caso, de los da\u00f1os y perjuicios de cualquier naturaleza que pudieran ocasionar, a t\u00edtulo enunciativo: por errores u omisiones en los contenidos, por falta de disponibilidad del sitio web, \u2013 el cual realizar\u00e1 paradas peri\u00f3dicas por mantenimientos t\u00e9cnicos \u2013 as\u00ed como por la transmisi\u00f3n de virus o programas maliciosos o lesivos en los contenidos, a pesar de haber adoptado todas las medidas tecnol\u00f3gicas necesarias para evitarlo.<\/p>\n\n\n\n<h2 class=\"wp-block-heading\"><strong>4. MODIFICACIONES<\/strong><\/h2>\n\n\n\n<p class=\"has-text-color has-link-color wp-elements-3d275f2792f13d817f53e83f216358ae\" style=\"color:#000000\">Nos reservamos el derecho de efectuar sin previo aviso las modificaciones que considere oportunas en su web, pudiendo cambiar, suprimir o a\u00f1adir tanto los contenidos y servicios que se presten a trav\u00e9s de la misma como la forma en la que \u00e9stos aparezcan presentados o localizados en su web.<\/p>\n\n\n\n<h2 class=\"wp-block-heading\"><strong>5. POL\u00cdTICA DE ENLACES<\/strong><\/h2>\n\n\n\n<p class=\"has-text-color has-link-color wp-elements-79eb15e7076f689e3ef5afa8d05dd527\" style=\"color:#000000\">Las personas o entidades que pretendan realizar o realicen un hiperenlace desde una p\u00e1gina web de otro portal de Internet a la web de&nbsp;Divino Tinto deber\u00e1 someterse las siguientes condiciones:<\/p>\n\n\n\n<p class=\"has-text-color has-link-color wp-elements-d5022a119a692c76f273260299c0573d\" style=\"color:#000000\">\u2013 No se permite la reproducci\u00f3n total o parcial de ninguno de los servicios ni contenidos del sitio web sin la previa autorizaci\u00f3n expresa de&nbsp;Divino Tinto.<\/p>\n\n\n\n<p class=\"has-text-color has-link-color wp-elements-8b47dfe12a622438b837723d715a459e\" style=\"color:#000000\">\u2013 No se establecer\u00e1 ninguna manifestaci\u00f3n falsa, inexacta o incorrecta sobre la web de&nbsp;Divino Tinto, ni sobre los servicios o contenidos de la misma. Salvo aquellos signos que formen parte del hiperv\u00ednculo, la p\u00e1gina web en la que se establezca no contendr\u00e1 ninguna marca, nombre comercial, r\u00f3tulo de establecimiento, denominaci\u00f3n, logotipo, eslogan u otros signos distintivos pertenecientes a&nbsp;Divino Tinto, salvo autorizaci\u00f3n expresa de \u00e9ste.<\/p>\n\n\n\n<p class=\"has-text-color has-link-color wp-elements-06a436f51da671c86dc10c5986723bba\" style=\"color:#000000\">\u2013 El establecimiento del hiperv\u00ednculo no implicar\u00e1 la existencia de relaciones entre nosotros y el titular de la p\u00e1gina web o del portal desde el cual se realice, ni el conocimiento y aceptaci\u00f3n de&nbsp;Divino Tinto. de los servicios y contenidos ofrecidos en dicha p\u00e1gina web o portal.<\/p>\n\n\n\n<p class=\"has-text-color has-link-color wp-elements-4cdc3f91746f97c0524568db49ed675b\" style=\"color:#000000\">\u2013&nbsp;Divino Tinto no ser\u00e1 responsable de los contenidos o servicios puestos a disposici\u00f3n del p\u00fablico en la p\u00e1gina web o portal desde el cual se realice el hiperv\u00ednculo, ni de las informaciones y manifestaciones incluidas en los mismos.<\/p>\n\n\n\n<p class=\"has-text-color has-link-color wp-elements-c5fc85c82e8e2ae56ca7a297e8078cd9\" style=\"color:#000000\">El sitio web de https:\/\/divinotinto.com\/. puede poner a disposici\u00f3n del usuario conexiones y enlaces a otros sitios web gestionados y controlados por terceros. Dichos enlaces tienen como exclusiva funci\u00f3n, la de facilitar a los usuarios la b\u00fasqueda de informaci\u00f3n, contenidos y servicios en Internet, sin que en ning\u00fan caso pueda considerarse una sugerencia, recomendaci\u00f3n o invitaci\u00f3n para la visita de los mismos.<\/p>\n\n\n\n<p class=\"has-text-color has-link-color wp-elements-1c3ce93f225c367105fb1c9ee20996cb\" style=\"color:#000000\">Divino Tinto no asume ning\u00fan tipo de responsabilidad, ni siquiera de forma indirecta o subsidiaria, por los da\u00f1os y perjuicios de toda clase que pudieran derivarse del acceso, mantenimiento, uso, calidad, licitud, fiabilidad y utilidad de los contenidos, informaciones, comunicaciones, opiniones, manifestaciones, productos y servicios existentes u ofrecidos en los sitios web no gestionados por&nbsp;Divino Tinto.<\/p>\n\n\n\n<h2 class=\"wp-block-heading\"><strong>6. DERECHO DE EXCLUSI\u00d3N<\/strong><\/h2>\n\n\n\n<p class=\"has-text-color has-link-color wp-elements-1c39e13e923f47fdedb5ad794a04f89e\" style=\"color:#000000\">Divino Tinto se reserva el derecho a denegar o retirar el acceso al portal y\/o los servicios ofrecidos sin necesidad de preaviso, a instancia propia o de un tercero, a aquellos usuarios que incumplan las presentes Condiciones Generales de Uso.<\/p>\n\n\n\n<h2 class=\"wp-block-heading\"><strong>7. GENERALIDADES<\/strong><\/h2>\n\n\n\n<p class=\"has-text-color has-link-color wp-elements-7e8c9ea76faa645b09764d0f39f66643\" style=\"color:#000000\">Divino Tinto perseguir\u00e1 el incumplimiento de las presentes condiciones as\u00ed como cualquier utilizaci\u00f3n indebida de su web ejerciendo todas las acciones civiles y penales que le puedan corresponder en derecho.<\/p>\n\n\n\n<h2 class=\"wp-block-heading\"><strong>8. MODIFICACI\u00d3N DE LAS PRESENTES CONDICIONES Y DURACI\u00d3N<\/strong><\/h2>\n\n\n\n<p class=\"has-text-color has-link-color wp-elements-3ee5d4ac5c59c8ca51fb35d1b3abf863\" style=\"color:#000000\">Divino Tinto podr\u00e1 modificar en cualquier momento las condiciones aqu\u00ed determinadas, siendo debidamente publicadas como aqu\u00ed aparecen. La vigencia de las citadas condiciones ir\u00e1 en funci\u00f3n de su exposici\u00f3n y estar\u00e1n vigentes hasta que sean modificadas por otras debidamente publicadas.<\/p>\n\n\n\n<h2 class=\"wp-block-heading\"><strong>9. RECLAMACIONES Y DUDAS<\/strong><\/h2>\n\n\n\n<p class=\"has-text-color has-link-color wp-elements-e7a27dd18aaf15d03a5fbb5f1fb792e0\" style=\"color:#000000\">Divino Tinto informa que existen hojas de reclamaci\u00f3n a disposici\u00f3n de usuarios y clientes pudiendo remitir un correo a&nbsp;info@divinotinto.com&nbsp;indicando su nombre y apellidos, el servicio o producto adquirido y exponiendo los motivos de su reclamaci\u00f3n.<\/p>\n\n\n\n<h2 class=\"wp-block-heading\"><strong>10. LEGISLACI\u00d3N APLICABLE Y JURISDICCI\u00d3N<\/strong><\/h2>\n\n\n\n<p class=\"has-text-color has-link-color wp-elements-ffab54c53cc27cbb467479b848663228\" style=\"color:#000000\">La relaci\u00f3n entre&nbsp;Divino Tinto y el USUARIO se regir\u00e1 por la normativa espa\u00f1ola vigente y cualquier controversia se someter\u00e1 a los Juzgados y tribunales de la ciudad de Valencia, salvo que la Ley aplicable disponga otra cosa.<\/p>\n\n\n\n<p class=\"has-text-color has-link-color wp-elements-46c238e0501c5d0ce5e205bb1ac00653\" style=\"color:#000000\"><\/p>\n\n\n\n<p><\/p>","protected":false},"excerpt":{"rendered":"<p>En la actualidad,&nbsp;Rafael&nbsp;posee todos los derechos sobre el material y la propiedad intelectual de este sitio web (https:\/\/divinotinto.com\/), y todos esos derechos est\u00e1n reservados a nuestro solo uso. El responsable de este sitio web es Rafael. Identificaci\u00f3n: Email de contacto: info@divinotinto.com Conforme a la Ley 34\/2002, del 11 de Julio de Servicios de sociedad de&#8230;<\/p>","protected":false},"author":1,"featured_media":0,"parent":0,"menu_order":0,"comment_status":"closed","ping_status":"closed","template":"","meta":{"_kadence_starter_templates_imported_post":false,"_kad_post_transparent":"","_kad_post_title":"","_kad_post_layout":"","_kad_post_sidebar_id":"","_kad_post_content_style":"","_kad_post_vertical_padding":"","_kad_post_feature":"","_kad_post_feature_position":"","_kad_post_header":false,"_kad_post_footer":false,"_kad_post_classname":"","footnotes":""},"class_list":["post-85","page","type-page","status-publish","hentry"],"_hostinger_reach_plugin_has_subscription_block":false,"_hostinger_reach_plugin_is_elementor":false,"_links":{"self":[{"href":"https:\/\/divinotinto.com\/en\/wp-json\/wp\/v2\/pages\/85","targetHints":{"allow":["GET"]}}],"collection":[{"href":"https:\/\/divinotinto.com\/en\/wp-json\/wp\/v2\/pages"}],"about":[{"href":"https:\/\/divinotinto.com\/en\/wp-json\/wp\/v2\/types\/page"}],"author":[{"embeddable":true,"href":"https:\/\/divinotinto.com\/en\/wp-json\/wp\/v2\/users\/1"}],"replies":[{"embeddable":true,"href":"https:\/\/divinotinto.com\/en\/wp-json\/wp\/v2\/comments?post=85"}],"version-history":[{"count":3,"href":"https:\/\/divinotinto.com\/en\/wp-json\/wp\/v2\/pages\/85\/revisions"}],"predecessor-version":[{"id":345,"href":"https:\/\/divinotinto.com\/en\/wp-json\/wp\/v2\/pages\/85\/revisions\/345"}],"wp:attachment":[{"href":"https:\/\/divinotinto.com\/en\/wp-json\/wp\/v2\/media?parent=85"}],"curies":[{"name":"wp","href":"https:\/\/api.w.org\/{rel}","templated":true}]}}